{"id":56,"date":"2020-06-23T11:41:21","date_gmt":"2020-06-23T11:41:21","guid":{"rendered":"https:\/\/jupiterx.artbees.net\/accountant\/?page_id=56"},"modified":"2024-12-07T01:24:20","modified_gmt":"2024-12-06T22:24:20","slug":"about","status":"publish","type":"page","link":"https:\/\/incetasyapi.com\/en\/about\/","title":{"rendered":"About Us"},"content":{"rendered":"<div data-elementor-type=\"wp-page\" data-elementor-id=\"56\" class=\"elementor elementor-56\" data-elementor-post-type=\"page\">\n\t\t\t\t\t\t<section class=\"elementor-section elementor-top-section elementor-element elementor-element-bdf22e8 elementor-section-boxed elementor-section-height-default elementor-section-height-default\" data-id=\"bdf22e8\" data-element_type=\"section\" data-settings=\"{&quot;jet_parallax_layout_list&quot;:[{&quot;jet_parallax_layout_image&quot;:{&quot;url&quot;:&quot;&quot;,&quot;id&quot;:&quot;&quot;,&quot;size&quot;:&quot;&quot;},&quot;_id&quot;:&quot;bd17729&quot;,&quot;jet_parallax_layout_image_tablet&quot;:{&quot;url&quot;:&quot;&quot;,&quot;id&quot;:&quot;&quot;,&quot;size&quot;:&quot;&quot;},&quot;jet_parallax_layout_image_mobile&quot;:{&quot;url&quot;:&quot;&quot;,&quot;id&quot;:&quot;&quot;,&quot;size&quot;:&quot;&quot;},&quot;jet_parallax_layout_speed&quot;:{&quot;unit&quot;:&quot;%&quot;,&quot;size&quot;:&quot;50&quot;,&quot;sizes&quot;:[]},&quot;jet_parallax_layout_bg_x&quot;:&quot;50&quot;,&quot;jet_parallax_layout_bg_y&quot;:&quot;50&quot;,&quot;jet_parallax_layout_type&quot;:&quot;scroll&quot;,&quot;jet_parallax_layout_direction&quot;:null,&quot;jet_parallax_layout_fx_direction&quot;:null,&quot;jet_parallax_layout_z_index&quot;:&quot;&quot;,&quot;jet_parallax_layout_bg_x_tablet&quot;:&quot;&quot;,&quot;jet_parallax_layout_bg_x_mobile&quot;:&quot;&quot;,&quot;jet_parallax_layout_bg_y_tablet&quot;:&quot;&quot;,&quot;jet_parallax_layout_bg_y_mobile&quot;:&quot;&quot;,&quot;jet_parallax_layout_bg_size&quot;:&quot;auto&quot;,&quot;jet_parallax_layout_bg_size_tablet&quot;:&quot;&quot;,&quot;jet_parallax_layout_bg_size_mobile&quot;:&quot;&quot;,&quot;jet_parallax_layout_animation_prop&quot;:&quot;transform&quot;,&quot;jet_parallax_layout_on&quot;:[&quot;desktop&quot;,&quot;tablet&quot;]}],&quot;background_background&quot;:&quot;classic&quot;}\">\n\t\t\t\t\t\t\t<div class=\"elementor-background-overlay\"><\/div>\n\t\t\t\t\t\t\t<div class=\"elementor-container elementor-column-gap-no\">\n\t\t\t\t\t<div class=\"elementor-column elementor-col-100 elementor-top-column elementor-element elementor-element-6147b0c\" data-id=\"6147b0c\" data-element_type=\"column\">\n\t\t\t<div class=\"elementor-widget-wrap elementor-element-populated\">\n\t\t\t\t\t\t<div class=\"elementor-element elementor-element-a836be5 elementor-widget elementor-widget-heading\" data-id=\"a836be5\" data-element_type=\"widget\" data-widget_type=\"heading.default\">\n\t\t\t\t<div class=\"elementor-widget-container\">\n\t\t\t<h1 class=\"elementor-heading-title elementor-size-default\">About Us<\/h1>\t\t<\/div>\n\t\t\t\t<\/div>\n\t\t\t\t\t<\/div>\n\t\t<\/div>\n\t\t\t\t\t<\/div>\n\t\t<\/section>\n\t\t\t\t<section class=\"elementor-section elementor-top-section elementor-element elementor-element-91e308d elementor-section-boxed elementor-section-height-default elementor-section-height-default elementor-invisible\" data-id=\"91e308d\" data-element_type=\"section\" data-settings=\"{&quot;jet_parallax_layout_list&quot;:[{&quot;jet_parallax_layout_image&quot;:{&quot;url&quot;:&quot;&quot;,&quot;id&quot;:&quot;&quot;,&quot;size&quot;:&quot;&quot;},&quot;_id&quot;:&quot;36d67d3&quot;,&quot;jet_parallax_layout_speed&quot;:{&quot;unit&quot;:&quot;%&quot;,&quot;size&quot;:&quot;50&quot;,&quot;sizes&quot;:[]},&quot;jet_parallax_layout_bg_x&quot;:&quot;50&quot;,&quot;jet_parallax_layout_bg_y&quot;:&quot;50&quot;,&quot;jet_parallax_layout_image_tablet&quot;:{&quot;url&quot;:&quot;&quot;,&quot;id&quot;:&quot;&quot;,&quot;size&quot;:&quot;&quot;},&quot;jet_parallax_layout_image_mobile&quot;:{&quot;url&quot;:&quot;&quot;,&quot;id&quot;:&quot;&quot;,&quot;size&quot;:&quot;&quot;},&quot;jet_parallax_layout_type&quot;:&quot;scroll&quot;,&quot;jet_parallax_layout_direction&quot;:null,&quot;jet_parallax_layout_fx_direction&quot;:null,&quot;jet_parallax_layout_z_index&quot;:&quot;&quot;,&quot;jet_parallax_layout_bg_x_tablet&quot;:&quot;&quot;,&quot;jet_parallax_layout_bg_x_mobile&quot;:&quot;&quot;,&quot;jet_parallax_layout_bg_y_tablet&quot;:&quot;&quot;,&quot;jet_parallax_layout_bg_y_mobile&quot;:&quot;&quot;,&quot;jet_parallax_layout_bg_size&quot;:&quot;auto&quot;,&quot;jet_parallax_layout_bg_size_tablet&quot;:&quot;&quot;,&quot;jet_parallax_layout_bg_size_mobile&quot;:&quot;&quot;,&quot;jet_parallax_layout_animation_prop&quot;:&quot;transform&quot;,&quot;jet_parallax_layout_on&quot;:[&quot;desktop&quot;,&quot;tablet&quot;]}],&quot;background_background&quot;:&quot;classic&quot;,&quot;animation&quot;:&quot;fadeInUp&quot;}\">\n\t\t\t\t\t\t<div class=\"elementor-container elementor-column-gap-no\">\n\t\t\t\t\t<div class=\"elementor-column elementor-col-50 elementor-top-column elementor-element elementor-element-81eb811\" data-id=\"81eb811\" data-element_type=\"column\">\n\t\t\t<div class=\"elementor-widget-wrap elementor-element-populated\">\n\t\t\t\t\t\t<div class=\"elementor-element elementor-element-4d53a0b elementor-widget elementor-widget-heading\" data-id=\"4d53a0b\" data-element_type=\"widget\" data-widget_type=\"heading.default\">\n\t\t\t\t<div class=\"elementor-widget-container\">\n\t\t\t<h2 class=\"elementor-heading-title elementor-size-default\">About Us<\/h2>\t\t<\/div>\n\t\t\t\t<\/div>\n\t\t\t\t<div class=\"elementor-element elementor-element-7e58dd6 elementor-widget elementor-widget-text-editor\" data-id=\"7e58dd6\" data-element_type=\"widget\" data-widget_type=\"text-editor.default\">\n\t\t\t\t<div class=\"elementor-widget-container\">\n\t\t\t\t\t\t\t<p>As Incetas Construction, we provide services in the construction and repair-renovation sector in Alanya with our years of experience. Our company, managed by Deniz Ince, has adopted the mission of making living spaces more aesthetic, comfortable and durable by offering innovative solutions. With our expert team in each field, we prioritize customer satisfaction and quality workmanship at every stage of our projects. We aim to lead the sector with modern designs and sustainable structures by closely following technological developments in the construction sector.<\/p><p>While providing professional solutions for the construction, decoration and renovation needs of your home, office or commercial areas, we also fulfill our responsibility to nature with environmentally friendly materials and methods. \u0130nceta\u015f Yap\u0131 is not only a construction company, but also a reliable business partner that turns your dreams into reality.<\/p>\t\t\t\t\t\t<\/div>\n\t\t\t\t<\/div>\n\t\t\t\t\t<\/div>\n\t\t<\/div>\n\t\t\t\t<div class=\"elementor-column elementor-col-50 elementor-top-column elementor-element elementor-element-f304e61\" data-id=\"f304e61\" data-element_type=\"column\">\n\t\t\t<div class=\"elementor-widget-wrap elementor-element-populated\">\n\t\t\t\t\t\t<div class=\"elementor-element elementor-element-d1d30d4 elementor-widget elementor-widget-image\" data-id=\"d1d30d4\" data-element_type=\"widget\" data-widget_type=\"image.default\">\n\t\t\t\t<div class=\"elementor-widget-container\">\n\t\t\t\t\t\t\t\t\t\t\t\t\t\t<a href=\"https:\/\/incetasyapi.com\/en\/about\/\">\n\t\t\t\t\t\t\t<img fetchpriority=\"high\" decoding=\"async\" width=\"1024\" height=\"680\" src=\"https:\/\/incetasyapi.com\/wp-content\/uploads\/2024\/12\/incetas-yapi-ofis-4-1024x680.jpg\" class=\"attachment-large size-large wp-image-393\" alt=\"\" srcset=\"https:\/\/incetasyapi.com\/wp-content\/uploads\/2024\/12\/incetas-yapi-ofis-4-1024x680.jpg 1024w, https:\/\/incetasyapi.com\/wp-content\/uploads\/2024\/12\/incetas-yapi-ofis-4-300x199.jpg 300w, https:\/\/incetasyapi.com\/wp-content\/uploads\/2024\/12\/incetas-yapi-ofis-4-768x510.jpg 768w, https:\/\/incetasyapi.com\/wp-content\/uploads\/2024\/12\/incetas-yapi-ofis-4-1536x1020.jpg 1536w, https:\/\/incetasyapi.com\/wp-content\/uploads\/2024\/12\/incetas-yapi-ofis-4-18x12.jpg 18w, https:\/\/incetasyapi.com\/wp-content\/uploads\/2024\/12\/incetas-yapi-ofis-4.jpg 1626w\" sizes=\"(max-width: 1024px) 100vw, 1024px\" \/>\t\t\t\t\t\t\t\t<\/a>\n\t\t\t\t\t\t\t\t\t\t\t\t\t<\/div>\n\t\t\t\t<\/div>\n\t\t\t\t\t<\/div>\n\t\t<\/div>\n\t\t\t\t\t<\/div>\n\t\t<\/section>\n\t\t\t\t<section class=\"elementor-section elementor-top-section elementor-element elementor-element-77a5381 elementor-section-boxed elementor-section-height-default elementor-section-height-default elementor-invisible\" data-id=\"77a5381\" data-element_type=\"section\" data-settings=\"{&quot;jet_parallax_layout_list&quot;:[{&quot;jet_parallax_layout_image&quot;:{&quot;url&quot;:&quot;&quot;,&quot;id&quot;:&quot;&quot;,&quot;size&quot;:&quot;&quot;},&quot;_id&quot;:&quot;36d67d3&quot;,&quot;jet_parallax_layout_speed&quot;:{&quot;unit&quot;:&quot;%&quot;,&quot;size&quot;:&quot;50&quot;,&quot;sizes&quot;:[]},&quot;jet_parallax_layout_bg_x&quot;:&quot;50&quot;,&quot;jet_parallax_layout_bg_y&quot;:&quot;50&quot;,&quot;jet_parallax_layout_image_tablet&quot;:{&quot;url&quot;:&quot;&quot;,&quot;id&quot;:&quot;&quot;,&quot;size&quot;:&quot;&quot;},&quot;jet_parallax_layout_image_mobile&quot;:{&quot;url&quot;:&quot;&quot;,&quot;id&quot;:&quot;&quot;,&quot;size&quot;:&quot;&quot;},&quot;jet_parallax_layout_type&quot;:&quot;scroll&quot;,&quot;jet_parallax_layout_direction&quot;:null,&quot;jet_parallax_layout_fx_direction&quot;:null,&quot;jet_parallax_layout_z_index&quot;:&quot;&quot;,&quot;jet_parallax_layout_bg_x_tablet&quot;:&quot;&quot;,&quot;jet_parallax_layout_bg_x_mobile&quot;:&quot;&quot;,&quot;jet_parallax_layout_bg_y_tablet&quot;:&quot;&quot;,&quot;jet_parallax_layout_bg_y_mobile&quot;:&quot;&quot;,&quot;jet_parallax_layout_bg_size&quot;:&quot;auto&quot;,&quot;jet_parallax_layout_bg_size_tablet&quot;:&quot;&quot;,&quot;jet_parallax_layout_bg_size_mobile&quot;:&quot;&quot;,&quot;jet_parallax_layout_animation_prop&quot;:&quot;transform&quot;,&quot;jet_parallax_layout_on&quot;:[&quot;desktop&quot;,&quot;tablet&quot;]}],&quot;background_background&quot;:&quot;classic&quot;,&quot;animation&quot;:&quot;fadeInUp&quot;}\">\n\t\t\t\t\t\t<div class=\"elementor-container elementor-column-gap-no\">\n\t\t\t\t\t<div class=\"elementor-column elementor-col-50 elementor-top-column elementor-element elementor-element-b8cffec\" data-id=\"b8cffec\" data-element_type=\"column\">\n\t\t\t<div class=\"elementor-widget-wrap elementor-element-populated\">\n\t\t\t\t\t\t<div class=\"elementor-element elementor-element-ebeeec4 elementor-widget elementor-widget-heading\" data-id=\"ebeeec4\" data-element_type=\"widget\" data-widget_type=\"heading.default\">\n\t\t\t\t<div class=\"elementor-widget-container\">\n\t\t\t<h2 class=\"elementor-heading-title elementor-size-default\">Our Mission<\/h2>\t\t<\/div>\n\t\t\t\t<\/div>\n\t\t\t\t<div class=\"elementor-element elementor-element-325304c elementor-widget elementor-widget-text-editor\" data-id=\"325304c\" data-element_type=\"widget\" data-widget_type=\"text-editor.default\">\n\t\t\t\t<div class=\"elementor-widget-container\">\n\t\t\t\t\t\t\t<p>As Incetas Yap\u0131, our mission is to bring together aesthetics and functionality in living spaces by offering the most suitable construction and renovation solutions for our customers&#039; needs. We aim to be an exemplary company in the sector by adhering to the principles of reliable workmanship, quality materials and on-time delivery. We continue to add value to living spaces by always making customer satisfaction our priority.<\/p><p>\u00a0<\/p>\t\t\t\t\t\t<\/div>\n\t\t\t\t<\/div>\n\t\t\t\t\t<\/div>\n\t\t<\/div>\n\t\t\t\t<div class=\"elementor-column elementor-col-50 elementor-top-column elementor-element elementor-element-05550da\" data-id=\"05550da\" data-element_type=\"column\">\n\t\t\t<div class=\"elementor-widget-wrap elementor-element-populated\">\n\t\t\t\t\t\t<div class=\"elementor-element elementor-element-bce61cc elementor-widget elementor-widget-heading\" data-id=\"bce61cc\" data-element_type=\"widget\" data-widget_type=\"heading.default\">\n\t\t\t\t<div class=\"elementor-widget-container\">\n\t\t\t<h2 class=\"elementor-heading-title elementor-size-default\">Our Vision<\/h2>\t\t<\/div>\n\t\t\t\t<\/div>\n\t\t\t\t<div class=\"elementor-element elementor-element-b9c7840 elementor-widget elementor-widget-text-editor\" data-id=\"b9c7840\" data-element_type=\"widget\" data-widget_type=\"text-editor.default\">\n\t\t\t\t<div class=\"elementor-widget-container\">\n\t\t\t\t\t\t\t<p>We aim to be one of the leading companies in Alanya with our innovative solutions in the construction and renovation sector. We aim to contribute to the development of the sector by bringing together sustainability, modern design approach and technology integration in our future projects. We have a vision to identify the name \u0130nceta\u015f Yap\u0131 with trust and quality by carrying our regional successes to the national level.<\/p><p>\u00a0<\/p>\t\t\t\t\t\t<\/div>\n\t\t\t\t<\/div>\n\t\t\t\t\t<\/div>\n\t\t<\/div>\n\t\t\t\t\t<\/div>\n\t\t<\/section>\n\t\t\t\t<section class=\"elementor-section elementor-top-section elementor-element elementor-element-60cff26 elementor-section-boxed elementor-section-height-default elementor-section-height-default elementor-invisible\" data-id=\"60cff26\" data-element_type=\"section\" data-settings=\"{&quot;jet_parallax_layout_list&quot;:[{&quot;jet_parallax_layout_image&quot;:{&quot;url&quot;:&quot;&quot;,&quot;id&quot;:&quot;&quot;,&quot;size&quot;:&quot;&quot;},&quot;_id&quot;:&quot;36d67d3&quot;,&quot;jet_parallax_layout_speed&quot;:{&quot;unit&quot;:&quot;%&quot;,&quot;size&quot;:&quot;50&quot;,&quot;sizes&quot;:[]},&quot;jet_parallax_layout_bg_x&quot;:&quot;50&quot;,&quot;jet_parallax_layout_bg_y&quot;:&quot;50&quot;,&quot;jet_parallax_layout_image_tablet&quot;:{&quot;url&quot;:&quot;&quot;,&quot;id&quot;:&quot;&quot;,&quot;size&quot;:&quot;&quot;},&quot;jet_parallax_layout_image_mobile&quot;:{&quot;url&quot;:&quot;&quot;,&quot;id&quot;:&quot;&quot;,&quot;size&quot;:&quot;&quot;},&quot;jet_parallax_layout_type&quot;:&quot;scroll&quot;,&quot;jet_parallax_layout_direction&quot;:null,&quot;jet_parallax_layout_fx_direction&quot;:null,&quot;jet_parallax_layout_z_index&quot;:&quot;&quot;,&quot;jet_parallax_layout_bg_x_tablet&quot;:&quot;&quot;,&quot;jet_parallax_layout_bg_x_mobile&quot;:&quot;&quot;,&quot;jet_parallax_layout_bg_y_tablet&quot;:&quot;&quot;,&quot;jet_parallax_layout_bg_y_mobile&quot;:&quot;&quot;,&quot;jet_parallax_layout_bg_size&quot;:&quot;auto&quot;,&quot;jet_parallax_layout_bg_size_tablet&quot;:&quot;&quot;,&quot;jet_parallax_layout_bg_size_mobile&quot;:&quot;&quot;,&quot;jet_parallax_layout_animation_prop&quot;:&quot;transform&quot;,&quot;jet_parallax_layout_on&quot;:[&quot;desktop&quot;,&quot;tablet&quot;]}],&quot;background_background&quot;:&quot;classic&quot;,&quot;animation&quot;:&quot;fadeInUp&quot;}\">\n\t\t\t\t\t\t<div class=\"elementor-container elementor-column-gap-no\">\n\t\t\t\t\t<div class=\"elementor-column elementor-col-100 elementor-top-column elementor-element elementor-element-dc3af24\" data-id=\"dc3af24\" data-element_type=\"column\">\n\t\t\t<div class=\"elementor-widget-wrap elementor-element-populated\">\n\t\t\t\t\t\t<div class=\"elementor-element elementor-element-9708e59 elementor-widget elementor-widget-heading\" data-id=\"9708e59\" data-element_type=\"widget\" data-widget_type=\"heading.default\">\n\t\t\t\t<div class=\"elementor-widget-container\">\n\t\t\t<h2 class=\"elementor-heading-title elementor-size-default\">Our Values<\/h2>\t\t<\/div>\n\t\t\t\t<\/div>\n\t\t\t\t<div class=\"elementor-element elementor-element-1c77eca elementor-widget elementor-widget-text-editor\" data-id=\"1c77eca\" data-element_type=\"widget\" data-widget_type=\"text-editor.default\">\n\t\t\t\t<div class=\"elementor-widget-container\">\n\t\t\t\t\t\t\t<ul><li><strong>Trust:<\/strong> The transparent and trust-based relationship we establish with our customers forms the basis of all our projects.<\/li><li><strong>Quality:<\/strong> We aim to achieve long-lasting and aesthetic results by working with the best materials and workmanship at every stage of our work.<\/li><li><strong>Innovation:<\/strong> We follow technological developments and use modern methods in our projects.<\/li><li><strong>Customer Focus:<\/strong> In every project, we prioritize understanding our customers&#039; needs and expectations and providing the most appropriate solutions accordingly.<\/li><li><strong>Sustainability:<\/strong> We adopt the principle of contributing to the protection of natural resources with environmentally friendly materials and methods.<\/li><li><strong>Team spirit:<\/strong> We offer a service approach based on cooperation and teamwork with our expert and experienced team.<\/li><\/ul>\t\t\t\t\t\t<\/div>\n\t\t\t\t<\/div>\n\t\t\t\t\t<\/div>\n\t\t<\/div>\n\t\t\t\t\t<\/div>\n\t\t<\/section>\n\t\t\t\t<\/div>","protected":false},"excerpt":{"rendered":"<p>About Us About Us As \u0130nceta\u015f Yap\u0131, we provide services in the construction and repair-renovation sector in Alanya with our years of experience. Our company, managed by Deniz \u0130nce, has adopted the mission of making living spaces more aesthetic, comfortable and durable by offering innovative solutions. With our expert team in each field, we prioritize customer satisfaction and quality workmanship at every stage of our projects. We closely follow the technological developments in the construction sector [\u2026]<\/p>","protected":false},"author":1,"featured_media":366,"parent":0,"menu_order":0,"comment_status":"closed","ping_status":"closed","template":"full-width.php","meta":{"_acf_changed":false,"footnotes":""},"class_list":["post-56","page","type-page","status-publish","has-post-thumbnail","hentry"],"acf":[],"yoast_head":"<!-- This site is optimized with the Yoast SEO plugin v24.0 - https:\/\/yoast.com\/wordpress\/plugins\/seo\/ -->\n<title>Hakk\u0131m\u0131zda<\/title>\n<meta name=\"robots\" content=\"index, follow, max-snippet:-1, max-image-preview:large, max-video-preview:-1\" \/>\n<link rel=\"canonical\" href=\"https:\/\/incetasyapi.com\/en\/about\/\" \/>\n<meta property=\"og:locale\" content=\"en_US\" \/>\n<meta property=\"og:type\" content=\"article\" \/>\n<meta property=\"og:title\" content=\"Hakk\u0131m\u0131zda\" \/>\n<meta property=\"og:description\" content=\"Hakk\u0131m\u0131zda Hakk\u0131m\u0131zda \u0130nceta\u015f Yap\u0131 olarak, Alanya\u2019da in\u015faat ve tamirat-tadilat sekt\u00f6r\u00fcnde y\u0131llara dayanan tecr\u00fcbemizle hizmet vermekteyiz. Deniz \u0130nce y\u00f6netimindeki firmam\u0131z, yenilik\u00e7i \u00e7\u00f6z\u00fcmler sunarak ya\u015fam alanlar\u0131n\u0131 daha estetik, konforlu ve dayan\u0131kl\u0131 hale getirme misyonunu benimsemi\u015ftir. Her biri alan\u0131nda uzman ekibimizle, projelerimizin her a\u015famas\u0131nda m\u00fc\u015fteri memnuniyetini ve kaliteli i\u015f\u00e7ili\u011fi \u00f6n planda tutuyoruz. \u0130n\u015faat sekt\u00f6r\u00fcndeki teknolojik geli\u015fmeleri yak\u0131ndan takip [&hellip;]\" \/>\n<meta property=\"og:url\" content=\"https:\/\/incetasyapi.com\/en\/about\/\" \/>\n<meta property=\"og:site_name\" content=\"\u0130nce Ta\u015f Yap\u0131\" \/>\n<meta property=\"article:modified_time\" content=\"2024-12-06T22:24:20+00:00\" \/>\n<meta property=\"og:image\" content=\"https:\/\/incetasyapi.com\/wp-content\/uploads\/2024\/12\/cropped-incetas_yapi_logo_tnhnyldzz-300x275-1.png\" \/>\n\t<meta property=\"og:image:width\" content=\"512\" \/>\n\t<meta property=\"og:image:height\" content=\"512\" \/>\n\t<meta property=\"og:image:type\" content=\"image\/png\" \/>\n<meta name=\"twitter:card\" content=\"summary_large_image\" \/>\n<meta name=\"twitter:label1\" content=\"Est. reading time\" \/>\n\t<meta name=\"twitter:data1\" content=\"2 minutes\" \/>\n<script type=\"application\/ld+json\" class=\"yoast-schema-graph\">{\"@context\":\"https:\/\/schema.org\",\"@graph\":[{\"@type\":\"WebPage\",\"@id\":\"https:\/\/incetasyapi.com\/about\/\",\"url\":\"https:\/\/incetasyapi.com\/about\/\",\"name\":\"Hakk\u0131m\u0131zda\",\"isPartOf\":{\"@id\":\"https:\/\/incetasyapi.com\/#website\"},\"primaryImageOfPage\":{\"@id\":\"https:\/\/incetasyapi.com\/about\/#primaryimage\"},\"image\":{\"@id\":\"https:\/\/incetasyapi.com\/about\/#primaryimage\"},\"thumbnailUrl\":\"https:\/\/incetasyapi.com\/wp-content\/uploads\/2024\/12\/cropped-incetas_yapi_logo_tnhnyldzz-300x275-1.png\",\"datePublished\":\"2020-06-23T11:41:21+00:00\",\"dateModified\":\"2024-12-06T22:24:20+00:00\",\"breadcrumb\":{\"@id\":\"https:\/\/incetasyapi.com\/about\/#breadcrumb\"},\"inLanguage\":\"en-US\",\"potentialAction\":[{\"@type\":\"ReadAction\",\"target\":[\"https:\/\/incetasyapi.com\/about\/\"]}]},{\"@type\":\"ImageObject\",\"inLanguage\":\"en-US\",\"@id\":\"https:\/\/incetasyapi.com\/about\/#primaryimage\",\"url\":\"https:\/\/incetasyapi.com\/wp-content\/uploads\/2024\/12\/cropped-incetas_yapi_logo_tnhnyldzz-300x275-1.png\",\"contentUrl\":\"https:\/\/incetasyapi.com\/wp-content\/uploads\/2024\/12\/cropped-incetas_yapi_logo_tnhnyldzz-300x275-1.png\",\"width\":512,\"height\":512},{\"@type\":\"BreadcrumbList\",\"@id\":\"https:\/\/incetasyapi.com\/about\/#breadcrumb\",\"itemListElement\":[{\"@type\":\"ListItem\",\"position\":1,\"name\":\"Anasayfa\",\"item\":\"https:\/\/incetasyapi.com\/\"},{\"@type\":\"ListItem\",\"position\":2,\"name\":\"Hakk\u0131m\u0131zda\"}]},{\"@type\":\"WebSite\",\"@id\":\"https:\/\/incetasyapi.com\/#website\",\"url\":\"https:\/\/incetasyapi.com\/\",\"name\":\"\u0130nce Ta\u015f Yap\u0131\",\"description\":\"\u0130nce Ta\u015f Yap\u0131\",\"potentialAction\":[{\"@type\":\"SearchAction\",\"target\":{\"@type\":\"EntryPoint\",\"urlTemplate\":\"https:\/\/incetasyapi.com\/?s={search_term_string}\"},\"query-input\":{\"@type\":\"PropertyValueSpecification\",\"valueRequired\":true,\"valueName\":\"search_term_string\"}}],\"inLanguage\":\"en-US\"}]}<\/script>\n<!-- \/ Yoast SEO plugin. -->","yoast_head_json":{"title":"Hakk\u0131m\u0131zda","robots":{"index":"index","follow":"follow","max-snippet":"max-snippet:-1","max-image-preview":"max-image-preview:large","max-video-preview":"max-video-preview:-1"},"canonical":"https:\/\/incetasyapi.com\/en\/about\/","og_locale":"en_US","og_type":"article","og_title":"Hakk\u0131m\u0131zda","og_description":"Hakk\u0131m\u0131zda Hakk\u0131m\u0131zda \u0130nceta\u015f Yap\u0131 olarak, Alanya\u2019da in\u015faat ve tamirat-tadilat sekt\u00f6r\u00fcnde y\u0131llara dayanan tecr\u00fcbemizle hizmet vermekteyiz. Deniz \u0130nce y\u00f6netimindeki firmam\u0131z, yenilik\u00e7i \u00e7\u00f6z\u00fcmler sunarak ya\u015fam alanlar\u0131n\u0131 daha estetik, konforlu ve dayan\u0131kl\u0131 hale getirme misyonunu benimsemi\u015ftir. Her biri alan\u0131nda uzman ekibimizle, projelerimizin her a\u015famas\u0131nda m\u00fc\u015fteri memnuniyetini ve kaliteli i\u015f\u00e7ili\u011fi \u00f6n planda tutuyoruz. \u0130n\u015faat sekt\u00f6r\u00fcndeki teknolojik geli\u015fmeleri yak\u0131ndan takip [&hellip;]","og_url":"https:\/\/incetasyapi.com\/en\/about\/","og_site_name":"\u0130nce Ta\u015f Yap\u0131","article_modified_time":"2024-12-06T22:24:20+00:00","og_image":[{"width":512,"height":512,"url":"https:\/\/incetasyapi.com\/wp-content\/uploads\/2024\/12\/cropped-incetas_yapi_logo_tnhnyldzz-300x275-1.png","type":"image\/png"}],"twitter_card":"summary_large_image","twitter_misc":{"Est. reading time":"2 minutes"},"schema":{"@context":"https:\/\/schema.org","@graph":[{"@type":"WebPage","@id":"https:\/\/incetasyapi.com\/about\/","url":"https:\/\/incetasyapi.com\/about\/","name":"Hakk\u0131m\u0131zda","isPartOf":{"@id":"https:\/\/incetasyapi.com\/#website"},"primaryImageOfPage":{"@id":"https:\/\/incetasyapi.com\/about\/#primaryimage"},"image":{"@id":"https:\/\/incetasyapi.com\/about\/#primaryimage"},"thumbnailUrl":"https:\/\/incetasyapi.com\/wp-content\/uploads\/2024\/12\/cropped-incetas_yapi_logo_tnhnyldzz-300x275-1.png","datePublished":"2020-06-23T11:41:21+00:00","dateModified":"2024-12-06T22:24:20+00:00","breadcrumb":{"@id":"https:\/\/incetasyapi.com\/about\/#breadcrumb"},"inLanguage":"en-US","potentialAction":[{"@type":"ReadAction","target":["https:\/\/incetasyapi.com\/about\/"]}]},{"@type":"ImageObject","inLanguage":"en-US","@id":"https:\/\/incetasyapi.com\/about\/#primaryimage","url":"https:\/\/incetasyapi.com\/wp-content\/uploads\/2024\/12\/cropped-incetas_yapi_logo_tnhnyldzz-300x275-1.png","contentUrl":"https:\/\/incetasyapi.com\/wp-content\/uploads\/2024\/12\/cropped-incetas_yapi_logo_tnhnyldzz-300x275-1.png","width":512,"height":512},{"@type":"BreadcrumbList","@id":"https:\/\/incetasyapi.com\/about\/#breadcrumb","itemListElement":[{"@type":"ListItem","position":1,"name":"Anasayfa","item":"https:\/\/incetasyapi.com\/"},{"@type":"ListItem","position":2,"name":"Hakk\u0131m\u0131zda"}]},{"@type":"WebSite","@id":"https:\/\/incetasyapi.com\/#website","url":"https:\/\/incetasyapi.com\/","name":"\u0130nce Ta\u015f Yap\u0131","description":"\u0130nce Ta\u015f Yap\u0131","potentialAction":[{"@type":"SearchAction","target":{"@type":"EntryPoint","urlTemplate":"https:\/\/incetasyapi.com\/?s={search_term_string}"},"query-input":{"@type":"PropertyValueSpecification","valueRequired":true,"valueName":"search_term_string"}}],"inLanguage":"en-US"}]}},"_links":{"self":[{"href":"https:\/\/incetasyapi.com\/en\/wp-json\/wp\/v2\/pages\/56","targetHints":{"allow":["GET"]}}],"collection":[{"href":"https:\/\/incetasyapi.com\/en\/wp-json\/wp\/v2\/pages"}],"about":[{"href":"https:\/\/incetasyapi.com\/en\/wp-json\/wp\/v2\/types\/page"}],"author":[{"embeddable":true,"href":"https:\/\/incetasyapi.com\/en\/wp-json\/wp\/v2\/users\/1"}],"replies":[{"embeddable":true,"href":"https:\/\/incetasyapi.com\/en\/wp-json\/wp\/v2\/comments?post=56"}],"version-history":[{"count":8,"href":"https:\/\/incetasyapi.com\/en\/wp-json\/wp\/v2\/pages\/56\/revisions"}],"predecessor-version":[{"id":650,"href":"https:\/\/incetasyapi.com\/en\/wp-json\/wp\/v2\/pages\/56\/revisions\/650"}],"wp:featuredmedia":[{"embeddable":true,"href":"https:\/\/incetasyapi.com\/en\/wp-json\/wp\/v2\/media\/366"}],"wp:attachment":[{"href":"https:\/\/incetasyapi.com\/en\/wp-json\/wp\/v2\/media?parent=56"}],"curies":[{"name":"wp","href":"https:\/\/api.w.org\/{rel}","templated":true}]}}