{"id":112,"date":"2020-06-24T07:48:42","date_gmt":"2020-06-24T07:48:42","guid":{"rendered":"https:\/\/jupiterx.artbees.net\/accountant\/?page_id=112"},"modified":"2024-12-06T21:51:55","modified_gmt":"2024-12-06T18:51:55","slug":"404-2","status":"publish","type":"page","link":"https:\/\/incetasyapi.com\/ru\/404-2\/","title":{"rendered":"404"},"content":{"rendered":"<div data-elementor-type=\"wp-page\" data-elementor-id=\"112\" class=\"elementor elementor-112\" data-elementor-post-type=\"page\">\n\t\t\t\t\t\t<section class=\"elementor-section elementor-top-section elementor-element elementor-element-5f8b251 elementor-section-boxed elementor-section-height-default elementor-section-height-default\" data-id=\"5f8b251\" data-element_type=\"section\" data-settings=\"{&quot;jet_parallax_layout_list&quot;:[{&quot;jet_parallax_layout_image&quot;:{&quot;url&quot;:&quot;&quot;,&quot;id&quot;:&quot;&quot;,&quot;size&quot;:&quot;&quot;},&quot;_id&quot;:&quot;44a254b&quot;,&quot;jet_parallax_layout_image_tablet&quot;:{&quot;url&quot;:&quot;&quot;,&quot;id&quot;:&quot;&quot;,&quot;size&quot;:&quot;&quot;},&quot;jet_parallax_layout_image_mobile&quot;:{&quot;url&quot;:&quot;&quot;,&quot;id&quot;:&quot;&quot;,&quot;size&quot;:&quot;&quot;},&quot;jet_parallax_layout_speed&quot;:{&quot;unit&quot;:&quot;%&quot;,&quot;size&quot;:&quot;50&quot;,&quot;sizes&quot;:[]},&quot;jet_parallax_layout_type&quot;:&quot;scroll&quot;,&quot;jet_parallax_layout_direction&quot;:null,&quot;jet_parallax_layout_fx_direction&quot;:null,&quot;jet_parallax_layout_z_index&quot;:&quot;&quot;,&quot;jet_parallax_layout_bg_x&quot;:&quot;50&quot;,&quot;jet_parallax_layout_bg_y&quot;:&quot;50&quot;,&quot;jet_parallax_layout_bg_size&quot;:&quot;auto&quot;,&quot;jet_parallax_layout_animation_prop&quot;:&quot;transform&quot;,&quot;jet_parallax_layout_on&quot;:[&quot;desktop&quot;,&quot;tablet&quot;],&quot;jet_parallax_layout_bg_x_tablet&quot;:&quot;&quot;,&quot;jet_parallax_layout_bg_x_mobile&quot;:&quot;&quot;,&quot;jet_parallax_layout_bg_y_tablet&quot;:&quot;&quot;,&quot;jet_parallax_layout_bg_y_mobile&quot;:&quot;&quot;,&quot;jet_parallax_layout_bg_size_tablet&quot;:&quot;&quot;,&quot;jet_parallax_layout_bg_size_mobile&quot;:&quot;&quot;}]}\">\n\t\t\t\t\t\t<div class=\"elementor-container elementor-column-gap-no\">\n\t\t\t\t\t<div class=\"elementor-column elementor-col-100 elementor-top-column elementor-element elementor-element-d248a79\" data-id=\"d248a79\" data-element_type=\"column\">\n\t\t\t<div class=\"elementor-widget-wrap elementor-element-populated\">\n\t\t\t\t\t\t<div class=\"elementor-element elementor-element-99a13c1 elementor-widget elementor-widget-raven-image\" data-id=\"99a13c1\" data-element_type=\"widget\" data-widget_type=\"raven-image.default\">\n\t\t\t\t<div class=\"elementor-widget-container\">\n\t\t\t\t\t<div class=\"raven-image\">\n\t\t\n\t\t\n\t\t<img fetchpriority=\"high\" decoding=\"async\" width=\"1105\" height=\"374\" src=\"https:\/\/incetasyapi.com\/wp-content\/uploads\/2020\/06\/404-bg-01.png\" class=\"attachment-full size-full wp-image-5\" alt=\"\" srcset=\"https:\/\/incetasyapi.com\/wp-content\/uploads\/2020\/06\/404-bg-01.png 1105w, https:\/\/incetasyapi.com\/wp-content\/uploads\/2020\/06\/404-bg-01-300x102.png 300w, https:\/\/incetasyapi.com\/wp-content\/uploads\/2020\/06\/404-bg-01-1024x347.png 1024w, https:\/\/incetasyapi.com\/wp-content\/uploads\/2020\/06\/404-bg-01-768x260.png 768w\" sizes=\"(max-width: 1105px) 100vw, 1105px\" \/>\t\t<\/div>\n\t\t\t\t<\/div>\n\t\t\t\t<\/div>\n\t\t\t\t<div class=\"elementor-element elementor-element-aade263 elementor-align-center elementor-widget elementor-widget-raven-button\" data-id=\"aade263\" data-element_type=\"widget\" data-settings=\"{&quot;turn_to_popup_action_button&quot;:&quot;no&quot;}\" data-widget_type=\"raven-button.default\">\n\t\t\t\t<div class=\"elementor-widget-container\">\n\t\t\t\t\t<div class=\"raven-widget-wrapper\">\n\t\t\t<a class=\"raven-button raven-button-widget-normal-effect-none elementor-button raven-button-text-align-center raven-button-link elementor-animation-none\" href=\"\/ru\/home\/\">\t\t\t\t<div class=\"raven-button-overlay\" ><\/div>\n\t\t\t\t<span class=\"raven-button-content\">\n\t\t\t\t\t\n\t\t\t\t\t<div class=\"button-text-container\">\n\t\t\t\t\t\t\t\t\t\t\t\t<div class=\"raven-button-texts-wrapper\">\n\t\t\t\t\t\t\t<div class=\"button-text\">\n\t\t\t\t\t\t\t\t<span class=\"raven-button-text\">\n\t\t\t\t\t\t\t\t\t\u0418\u0434\u0438 \u0434\u043e\u043c\u043e\u0439\t\t\t\t\t\t\t\t<\/span>\n\t\t\t\t\t\t\t<\/div>\n\t\t\t\t\t\t\t\t\t\t\t\t\t<\/div>\n\t\t\t\t\t\t\t\t\t\t\t<\/div>\n\t\t\t\t\t\n\t\t\t\t\t\t\t\t\t<\/span>\n\t\t\t<\/a>\t\t<\/div>\n\t\t\t\t<\/div>\n\t\t\t\t<\/div>\n\t\t\t\t\t<\/div>\n\t\t<\/div>\n\t\t\t\t\t<\/div>\n\t\t<\/section>\n\t\t\t\t<\/div>","protected":false},"excerpt":{"rendered":"<p>\u0418\u0434\u0438 \u0434\u043e\u043c\u043e\u0439<\/p>","protected":false},"author":1,"featured_media":0,"parent":0,"menu_order":0,"comment_status":"closed","ping_status":"closed","template":"full-width.php","meta":{"_acf_changed":false,"footnotes":""},"class_list":["post-112","page","type-page","status-publish","hentry"],"acf":[],"yoast_head":"<!-- This site is optimized with the Yoast SEO plugin v24.0 - https:\/\/yoast.com\/wordpress\/plugins\/seo\/ -->\n<title>Accountant - Jupiter X Templates<\/title>\n<meta name=\"description\" content=\"Excellent combination of trust, simplicity, and creativity is what an accountant\u2019s website should look like, and we just implement it in Jupiter X WP Theme\u2019s accountant website template,\" \/>\n<meta name=\"robots\" content=\"index, follow, max-snippet:-1, max-image-preview:large, max-video-preview:-1\" \/>\n<link rel=\"canonical\" href=\"https:\/\/incetasyapi.com\/ru\/404-2\/\" \/>\n<meta property=\"og:locale\" content=\"ru_RU\" \/>\n<meta property=\"og:type\" content=\"article\" \/>\n<meta property=\"og:title\" content=\"Accountant - Jupiter X Templates\" \/>\n<meta property=\"og:description\" content=\"Excellent combination of trust, simplicity, and creativity is what an accountant\u2019s website should look like, and we just implement it in Jupiter X WP Theme\u2019s accountant website template,\" \/>\n<meta property=\"og:url\" content=\"https:\/\/incetasyapi.com\/ru\/404-2\/\" \/>\n<meta property=\"og:site_name\" content=\"\u0130nce Ta\u015f Yap\u0131\" \/>\n<meta property=\"article:modified_time\" content=\"2024-12-06T18:51:55+00:00\" \/>\n<meta property=\"og:image\" content=\"https:\/\/incetasyapi.com\/wp-content\/uploads\/2020\/06\/404-bg-01.png\" \/>\n<meta name=\"twitter:card\" content=\"summary_large_image\" \/>\n<script type=\"application\/ld+json\" class=\"yoast-schema-graph\">{\"@context\":\"https:\/\/schema.org\",\"@graph\":[{\"@type\":\"WebPage\",\"@id\":\"https:\/\/incetasyapi.com\/404-2\/\",\"url\":\"https:\/\/incetasyapi.com\/404-2\/\",\"name\":\"Accountant - Jupiter X Templates\",\"isPartOf\":{\"@id\":\"https:\/\/incetasyapi.com\/#website\"},\"primaryImageOfPage\":{\"@id\":\"https:\/\/incetasyapi.com\/404-2\/#primaryimage\"},\"image\":{\"@id\":\"https:\/\/incetasyapi.com\/404-2\/#primaryimage\"},\"thumbnailUrl\":\"https:\/\/incetasyapi.com\/wp-content\/uploads\/2020\/06\/404-bg-01.png\",\"datePublished\":\"2020-06-24T07:48:42+00:00\",\"dateModified\":\"2024-12-06T18:51:55+00:00\",\"description\":\"Excellent combination of trust, simplicity, and creativity is what an accountant\u2019s website should look like, and we just implement it in Jupiter X WP Theme\u2019s accountant website template,\",\"breadcrumb\":{\"@id\":\"https:\/\/incetasyapi.com\/404-2\/#breadcrumb\"},\"inLanguage\":\"ru-RU\",\"potentialAction\":[{\"@type\":\"ReadAction\",\"target\":[\"https:\/\/incetasyapi.com\/404-2\/\"]}]},{\"@type\":\"ImageObject\",\"inLanguage\":\"ru-RU\",\"@id\":\"https:\/\/incetasyapi.com\/404-2\/#primaryimage\",\"url\":\"https:\/\/incetasyapi.com\/wp-content\/uploads\/2020\/06\/404-bg-01.png\",\"contentUrl\":\"https:\/\/incetasyapi.com\/wp-content\/uploads\/2020\/06\/404-bg-01.png\"},{\"@type\":\"BreadcrumbList\",\"@id\":\"https:\/\/incetasyapi.com\/404-2\/#breadcrumb\",\"itemListElement\":[{\"@type\":\"ListItem\",\"position\":1,\"name\":\"Anasayfa\",\"item\":\"https:\/\/incetasyapi.com\/\"},{\"@type\":\"ListItem\",\"position\":2,\"name\":\"404\"}]},{\"@type\":\"WebSite\",\"@id\":\"https:\/\/incetasyapi.com\/#website\",\"url\":\"https:\/\/incetasyapi.com\/\",\"name\":\"\u0130nce Ta\u015f Yap\u0131\",\"description\":\"\u0130nce Ta\u015f Yap\u0131\",\"potentialAction\":[{\"@type\":\"SearchAction\",\"target\":{\"@type\":\"EntryPoint\",\"urlTemplate\":\"https:\/\/incetasyapi.com\/?s={search_term_string}\"},\"query-input\":{\"@type\":\"PropertyValueSpecification\",\"valueRequired\":true,\"valueName\":\"search_term_string\"}}],\"inLanguage\":\"ru-RU\"}]}<\/script>\n<!-- \/ Yoast SEO plugin. -->","yoast_head_json":{"title":"Accountant - Jupiter X Templates","description":"Excellent combination of trust, simplicity, and creativity is what an accountant\u2019s website should look like, and we just implement it in Jupiter X WP Theme\u2019s accountant website template,","robots":{"index":"index","follow":"follow","max-snippet":"max-snippet:-1","max-image-preview":"max-image-preview:large","max-video-preview":"max-video-preview:-1"},"canonical":"https:\/\/incetasyapi.com\/ru\/404-2\/","og_locale":"ru_RU","og_type":"article","og_title":"Accountant - Jupiter X Templates","og_description":"Excellent combination of trust, simplicity, and creativity is what an accountant\u2019s website should look like, and we just implement it in Jupiter X WP Theme\u2019s accountant website template,","og_url":"https:\/\/incetasyapi.com\/ru\/404-2\/","og_site_name":"\u0130nce Ta\u015f Yap\u0131","article_modified_time":"2024-12-06T18:51:55+00:00","og_image":[{"url":"https:\/\/incetasyapi.com\/wp-content\/uploads\/2020\/06\/404-bg-01.png","type":"","width":"","height":""}],"twitter_card":"summary_large_image","schema":{"@context":"https:\/\/schema.org","@graph":[{"@type":"WebPage","@id":"https:\/\/incetasyapi.com\/404-2\/","url":"https:\/\/incetasyapi.com\/404-2\/","name":"Accountant - Jupiter X Templates","isPartOf":{"@id":"https:\/\/incetasyapi.com\/#website"},"primaryImageOfPage":{"@id":"https:\/\/incetasyapi.com\/404-2\/#primaryimage"},"image":{"@id":"https:\/\/incetasyapi.com\/404-2\/#primaryimage"},"thumbnailUrl":"https:\/\/incetasyapi.com\/wp-content\/uploads\/2020\/06\/404-bg-01.png","datePublished":"2020-06-24T07:48:42+00:00","dateModified":"2024-12-06T18:51:55+00:00","description":"Excellent combination of trust, simplicity, and creativity is what an accountant\u2019s website should look like, and we just implement it in Jupiter X WP Theme\u2019s accountant website template,","breadcrumb":{"@id":"https:\/\/incetasyapi.com\/404-2\/#breadcrumb"},"inLanguage":"ru-RU","potentialAction":[{"@type":"ReadAction","target":["https:\/\/incetasyapi.com\/404-2\/"]}]},{"@type":"ImageObject","inLanguage":"ru-RU","@id":"https:\/\/incetasyapi.com\/404-2\/#primaryimage","url":"https:\/\/incetasyapi.com\/wp-content\/uploads\/2020\/06\/404-bg-01.png","contentUrl":"https:\/\/incetasyapi.com\/wp-content\/uploads\/2020\/06\/404-bg-01.png"},{"@type":"BreadcrumbList","@id":"https:\/\/incetasyapi.com\/404-2\/#breadcrumb","itemListElement":[{"@type":"ListItem","position":1,"name":"Anasayfa","item":"https:\/\/incetasyapi.com\/"},{"@type":"ListItem","position":2,"name":"404"}]},{"@type":"WebSite","@id":"https:\/\/incetasyapi.com\/#website","url":"https:\/\/incetasyapi.com\/","name":"\u0130nce Ta\u015f Yap\u0131","description":"\u0130nce Ta\u015f Yap\u0131","potentialAction":[{"@type":"SearchAction","target":{"@type":"EntryPoint","urlTemplate":"https:\/\/incetasyapi.com\/?s={search_term_string}"},"query-input":{"@type":"PropertyValueSpecification","valueRequired":true,"valueName":"search_term_string"}}],"inLanguage":"ru-RU"}]}},"_links":{"self":[{"href":"https:\/\/incetasyapi.com\/ru\/wp-json\/wp\/v2\/pages\/112","targetHints":{"allow":["GET"]}}],"collection":[{"href":"https:\/\/incetasyapi.com\/ru\/wp-json\/wp\/v2\/pages"}],"about":[{"href":"https:\/\/incetasyapi.com\/ru\/wp-json\/wp\/v2\/types\/page"}],"author":[{"embeddable":true,"href":"https:\/\/incetasyapi.com\/ru\/wp-json\/wp\/v2\/users\/1"}],"replies":[{"embeddable":true,"href":"https:\/\/incetasyapi.com\/ru\/wp-json\/wp\/v2\/comments?post=112"}],"version-history":[{"count":1,"href":"https:\/\/incetasyapi.com\/ru\/wp-json\/wp\/v2\/pages\/112\/revisions"}],"predecessor-version":[{"id":342,"href":"https:\/\/incetasyapi.com\/ru\/wp-json\/wp\/v2\/pages\/112\/revisions\/342"}],"wp:attachment":[{"href":"https:\/\/incetasyapi.com\/ru\/wp-json\/wp\/v2\/media?parent=112"}],"curies":[{"name":"wp","href":"https:\/\/api.w.org\/{rel}","templated":true}]}}