{"id":643,"date":"2024-12-07T01:26:56","date_gmt":"2024-12-06T22:26:56","guid":{"rendered":"https:\/\/incetasyapi.com\/?page_id=643"},"modified":"2024-12-07T01:30:42","modified_gmt":"2024-12-06T22:30:42","slug":"daire","status":"publish","type":"page","link":"https:\/\/incetasyapi.com\/ru\/daire\/","title":{"rendered":"\u041a\u0412\u0410\u0420\u0422\u0418\u0420\u0410"},"content":{"rendered":"<div data-elementor-type=\"wp-page\" data-elementor-id=\"643\" class=\"elementor elementor-643\" data-elementor-post-type=\"page\">\n\t\t\t\t\t\t<section class=\"elementor-section elementor-top-section elementor-element elementor-element-8d18a4a elementor-section-boxed elementor-section-height-default elementor-section-height-default\" data-id=\"8d18a4a\" data-element_type=\"section\" data-settings=\"{&quot;jet_parallax_layout_list&quot;:[{&quot;jet_parallax_layout_image&quot;:{&quot;url&quot;:&quot;&quot;,&quot;id&quot;:&quot;&quot;,&quot;size&quot;:&quot;&quot;},&quot;_id&quot;:&quot;bd17729&quot;,&quot;jet_parallax_layout_image_tablet&quot;:{&quot;url&quot;:&quot;&quot;,&quot;id&quot;:&quot;&quot;,&quot;size&quot;:&quot;&quot;},&quot;jet_parallax_layout_image_mobile&quot;:{&quot;url&quot;:&quot;&quot;,&quot;id&quot;:&quot;&quot;,&quot;size&quot;:&quot;&quot;},&quot;jet_parallax_layout_speed&quot;:{&quot;unit&quot;:&quot;%&quot;,&quot;size&quot;:&quot;50&quot;,&quot;sizes&quot;:[]},&quot;jet_parallax_layout_bg_x&quot;:&quot;50&quot;,&quot;jet_parallax_layout_bg_y&quot;:&quot;50&quot;,&quot;jet_parallax_layout_type&quot;:&quot;scroll&quot;,&quot;jet_parallax_layout_direction&quot;:null,&quot;jet_parallax_layout_fx_direction&quot;:null,&quot;jet_parallax_layout_z_index&quot;:&quot;&quot;,&quot;jet_parallax_layout_bg_x_tablet&quot;:&quot;&quot;,&quot;jet_parallax_layout_bg_x_mobile&quot;:&quot;&quot;,&quot;jet_parallax_layout_bg_y_tablet&quot;:&quot;&quot;,&quot;jet_parallax_layout_bg_y_mobile&quot;:&quot;&quot;,&quot;jet_parallax_layout_bg_size&quot;:&quot;auto&quot;,&quot;jet_parallax_layout_bg_size_tablet&quot;:&quot;&quot;,&quot;jet_parallax_layout_bg_size_mobile&quot;:&quot;&quot;,&quot;jet_parallax_layout_animation_prop&quot;:&quot;transform&quot;,&quot;jet_parallax_layout_on&quot;:[&quot;desktop&quot;,&quot;tablet&quot;]}],&quot;background_background&quot;:&quot;classic&quot;}\">\n\t\t\t\t\t\t\t<div class=\"elementor-background-overlay\"><\/div>\n\t\t\t\t\t\t\t<div class=\"elementor-container elementor-column-gap-no\">\n\t\t\t\t\t<div class=\"elementor-column elementor-col-100 elementor-top-column elementor-element elementor-element-208ea75\" data-id=\"208ea75\" data-element_type=\"column\">\n\t\t\t<div class=\"elementor-widget-wrap\">\n\t\t\t\t\t\t\t<\/div>\n\t\t<\/div>\n\t\t\t\t\t<\/div>\n\t\t<\/section>\n\t\t\t\t<section class=\"elementor-section elementor-top-section elementor-element elementor-element-1502640 elementor-section-boxed elementor-section-height-default elementor-section-height-default elementor-invisible\" data-id=\"1502640\" data-element_type=\"section\" data-settings=\"{&quot;jet_parallax_layout_list&quot;:[{&quot;jet_parallax_layout_image&quot;:{&quot;url&quot;:&quot;&quot;,&quot;id&quot;:&quot;&quot;,&quot;size&quot;:&quot;&quot;},&quot;_id&quot;:&quot;3cedde8&quot;,&quot;jet_parallax_layout_speed&quot;:{&quot;unit&quot;:&quot;%&quot;,&quot;size&quot;:&quot;50&quot;,&quot;sizes&quot;:[]},&quot;jet_parallax_layout_bg_x&quot;:&quot;50&quot;,&quot;jet_parallax_layout_bg_y&quot;:&quot;50&quot;,&quot;jet_parallax_layout_image_tablet&quot;:{&quot;url&quot;:&quot;&quot;,&quot;id&quot;:&quot;&quot;,&quot;size&quot;:&quot;&quot;},&quot;jet_parallax_layout_image_mobile&quot;:{&quot;url&quot;:&quot;&quot;,&quot;id&quot;:&quot;&quot;,&quot;size&quot;:&quot;&quot;},&quot;jet_parallax_layout_type&quot;:&quot;scroll&quot;,&quot;jet_parallax_layout_direction&quot;:null,&quot;jet_parallax_layout_fx_direction&quot;:null,&quot;jet_parallax_layout_z_index&quot;:&quot;&quot;,&quot;jet_parallax_layout_bg_x_tablet&quot;:&quot;&quot;,&quot;jet_parallax_layout_bg_x_mobile&quot;:&quot;&quot;,&quot;jet_parallax_layout_bg_y_tablet&quot;:&quot;&quot;,&quot;jet_parallax_layout_bg_y_mobile&quot;:&quot;&quot;,&quot;jet_parallax_layout_bg_size&quot;:&quot;auto&quot;,&quot;jet_parallax_layout_bg_size_tablet&quot;:&quot;&quot;,&quot;jet_parallax_layout_bg_size_mobile&quot;:&quot;&quot;,&quot;jet_parallax_layout_animation_prop&quot;:&quot;transform&quot;,&quot;jet_parallax_layout_on&quot;:[&quot;desktop&quot;,&quot;tablet&quot;]}],&quot;animation&quot;:&quot;fadeInUp&quot;}\">\n\t\t\t\t\t\t<div class=\"elementor-container elementor-column-gap-no\">\n\t\t\t\t\t<div class=\"elementor-column elementor-col-100 elementor-top-column elementor-element elementor-element-517e9ae\" data-id=\"517e9ae\" data-element_type=\"column\">\n\t\t\t<div class=\"elementor-widget-wrap elementor-element-populated\">\n\t\t\t\t\t\t<div class=\"elementor-element elementor-element-0a889a9 elementor-widget elementor-widget-heading\" data-id=\"0a889a9\" data-element_type=\"widget\" data-widget_type=\"heading.default\">\n\t\t\t\t<div class=\"elementor-widget-container\">\n\t\t\t<h2 class=\"elementor-heading-title elementor-size-default\">\u041a\u0412\u0410\u0420\u0422\u0418\u0420\u0410<\/h2>\t\t<\/div>\n\t\t\t\t<\/div>\n\t\t\t\t\t<\/div>\n\t\t<\/div>\n\t\t\t\t\t<\/div>\n\t\t<\/section>\n\t\t\t\t<section class=\"elementor-section elementor-top-section elementor-element elementor-element-72d38cb elementor-section-boxed elementor-section-height-default elementor-section-height-default elementor-invisible\" data-id=\"72d38cb\" data-element_type=\"section\" data-settings=\"{&quot;jet_parallax_layout_list&quot;:[{&quot;jet_parallax_layout_image&quot;:{&quot;url&quot;:&quot;&quot;,&quot;id&quot;:&quot;&quot;,&quot;size&quot;:&quot;&quot;},&quot;_id&quot;:&quot;3cedde8&quot;,&quot;jet_parallax_layout_speed&quot;:{&quot;unit&quot;:&quot;%&quot;,&quot;size&quot;:&quot;50&quot;,&quot;sizes&quot;:[]},&quot;jet_parallax_layout_bg_x&quot;:&quot;50&quot;,&quot;jet_parallax_layout_bg_y&quot;:&quot;50&quot;,&quot;jet_parallax_layout_image_tablet&quot;:{&quot;url&quot;:&quot;&quot;,&quot;id&quot;:&quot;&quot;,&quot;size&quot;:&quot;&quot;},&quot;jet_parallax_layout_image_mobile&quot;:{&quot;url&quot;:&quot;&quot;,&quot;id&quot;:&quot;&quot;,&quot;size&quot;:&quot;&quot;},&quot;jet_parallax_layout_type&quot;:&quot;scroll&quot;,&quot;jet_parallax_layout_direction&quot;:null,&quot;jet_parallax_layout_fx_direction&quot;:null,&quot;jet_parallax_layout_z_index&quot;:&quot;&quot;,&quot;jet_parallax_layout_bg_x_tablet&quot;:&quot;&quot;,&quot;jet_parallax_layout_bg_x_mobile&quot;:&quot;&quot;,&quot;jet_parallax_layout_bg_y_tablet&quot;:&quot;&quot;,&quot;jet_parallax_layout_bg_y_mobile&quot;:&quot;&quot;,&quot;jet_parallax_layout_bg_size&quot;:&quot;auto&quot;,&quot;jet_parallax_layout_bg_size_tablet&quot;:&quot;&quot;,&quot;jet_parallax_layout_bg_size_mobile&quot;:&quot;&quot;,&quot;jet_parallax_layout_animation_prop&quot;:&quot;transform&quot;,&quot;jet_parallax_layout_on&quot;:[&quot;desktop&quot;,&quot;tablet&quot;]}],&quot;animation&quot;:&quot;fadeInUp&quot;}\">\n\t\t\t\t\t\t<div class=\"elementor-container elementor-column-gap-no\">\n\t\t\t\t\t<div class=\"elementor-column elementor-col-50 elementor-top-column elementor-element elementor-element-8a9fe7b\" data-id=\"8a9fe7b\" data-element_type=\"column\">\n\t\t\t<div class=\"elementor-widget-wrap elementor-element-populated\">\n\t\t\t\t\t\t<div class=\"elementor-element elementor-element-1ff8abc gallery-spacing-custom elementor-widget elementor-widget-image-gallery\" data-id=\"1ff8abc\" data-element_type=\"widget\" data-widget_type=\"image-gallery.default\">\n\t\t\t\t<div class=\"elementor-widget-container\">\n\t\t\t\t\t<div class=\"elementor-image-gallery\">\n\t\t\t<div class=\"row gallery galleryid-643 gallery-columns-4 gallery-size-full\" data-uk-grid-margin=\"\"><figure class=\"gallery-item\"><div class=\"gallery-icon landscape\"><a data-elementor-open-lightbox=\"yes\" data-elementor-lightbox-slideshow=\"1ff8abc\" data-elementor-lightbox-title=\"alanya-ic-dizayn-incetas-yapi-(17)\" data-e-action-hash=\"#elementor-action%3Aaction%3Dlightbox%26settings%3DeyJpZCI6NDgyLCJ1cmwiOiJodHRwczpcL1wvaW5jZXRhc3lhcGkuY29tXC93cC1jb250ZW50XC91cGxvYWRzXC8yMDI0XC8xMlwvYWxhbnlhLWljLWRpemF5bi1pbmNldGFzLXlhcGktMTcucG5nIiwic2xpZGVzaG93IjoiMWZmOGFiYyJ9\" href='https:\/\/incetasyapi.com\/wp-content\/uploads\/2024\/12\/alanya-ic-dizayn-incetas-yapi-17.png'><img fetchpriority=\"high\" decoding=\"async\" width=\"1240\" height=\"720\" src=\"https:\/\/incetasyapi.com\/wp-content\/uploads\/2024\/12\/alanya-ic-dizayn-incetas-yapi-17.png\" class=\"attachment-full size-full\" alt=\"\" srcset=\"https:\/\/incetasyapi.com\/wp-content\/uploads\/2024\/12\/alanya-ic-dizayn-incetas-yapi-17.png 1240w, https:\/\/incetasyapi.com\/wp-content\/uploads\/2024\/12\/alanya-ic-dizayn-incetas-yapi-17-300x174.png 300w, https:\/\/incetasyapi.com\/wp-content\/uploads\/2024\/12\/alanya-ic-dizayn-incetas-yapi-17-1024x595.png 1024w, https:\/\/incetasyapi.com\/wp-content\/uploads\/2024\/12\/alanya-ic-dizayn-incetas-yapi-17-768x446.png 768w, https:\/\/incetasyapi.com\/wp-content\/uploads\/2024\/12\/alanya-ic-dizayn-incetas-yapi-17-18x10.png 18w\" sizes=\"(max-width: 1240px) 100vw, 1240px\" \/><\/a><\/div><\/figure><figure class=\"gallery-item\"><div class=\"gallery-icon landscape\"><a data-elementor-open-lightbox=\"yes\" data-elementor-lightbox-slideshow=\"1ff8abc\" data-elementor-lightbox-title=\"alanya-ic-dizayn-incetas-yapi-(16)\" data-e-action-hash=\"#elementor-action%3Aaction%3Dlightbox%26settings%3DeyJpZCI6NDgxLCJ1cmwiOiJodHRwczpcL1wvaW5jZXRhc3lhcGkuY29tXC93cC1jb250ZW50XC91cGxvYWRzXC8yMDI0XC8xMlwvYWxhbnlhLWljLWRpemF5bi1pbmNldGFzLXlhcGktMTYucG5nIiwic2xpZGVzaG93IjoiMWZmOGFiYyJ9\" href='https:\/\/incetasyapi.com\/wp-content\/uploads\/2024\/12\/alanya-ic-dizayn-incetas-yapi-16.png'><img decoding=\"async\" width=\"1240\" height=\"720\" src=\"https:\/\/incetasyapi.com\/wp-content\/uploads\/2024\/12\/alanya-ic-dizayn-incetas-yapi-16.png\" class=\"attachment-full size-full\" alt=\"\" srcset=\"https:\/\/incetasyapi.com\/wp-content\/uploads\/2024\/12\/alanya-ic-dizayn-incetas-yapi-16.png 1240w, https:\/\/incetasyapi.com\/wp-content\/uploads\/2024\/12\/alanya-ic-dizayn-incetas-yapi-16-300x174.png 300w, https:\/\/incetasyapi.com\/wp-content\/uploads\/2024\/12\/alanya-ic-dizayn-incetas-yapi-16-1024x595.png 1024w, https:\/\/incetasyapi.com\/wp-content\/uploads\/2024\/12\/alanya-ic-dizayn-incetas-yapi-16-768x446.png 768w, https:\/\/incetasyapi.com\/wp-content\/uploads\/2024\/12\/alanya-ic-dizayn-incetas-yapi-16-18x10.png 18w\" sizes=\"(max-width: 1240px) 100vw, 1240px\" \/><\/a><\/div><\/figure><figure class=\"gallery-item\"><div class=\"gallery-icon landscape\"><a data-elementor-open-lightbox=\"yes\" data-elementor-lightbox-slideshow=\"1ff8abc\" data-elementor-lightbox-title=\"alanya-ic-dizayn-incetas-yapi-(15)\" data-e-action-hash=\"#elementor-action%3Aaction%3Dlightbox%26settings%3DeyJpZCI6NDgwLCJ1cmwiOiJodHRwczpcL1wvaW5jZXRhc3lhcGkuY29tXC93cC1jb250ZW50XC91cGxvYWRzXC8yMDI0XC8xMlwvYWxhbnlhLWljLWRpemF5bi1pbmNldGFzLXlhcGktMTUucG5nIiwic2xpZGVzaG93IjoiMWZmOGFiYyJ9\" href='https:\/\/incetasyapi.com\/wp-content\/uploads\/2024\/12\/alanya-ic-dizayn-incetas-yapi-15.png'><img decoding=\"async\" width=\"1240\" height=\"720\" src=\"https:\/\/incetasyapi.com\/wp-content\/uploads\/2024\/12\/alanya-ic-dizayn-incetas-yapi-15.png\" class=\"attachment-full size-full\" alt=\"\" srcset=\"https:\/\/incetasyapi.com\/wp-content\/uploads\/2024\/12\/alanya-ic-dizayn-incetas-yapi-15.png 1240w, https:\/\/incetasyapi.com\/wp-content\/uploads\/2024\/12\/alanya-ic-dizayn-incetas-yapi-15-300x174.png 300w, https:\/\/incetasyapi.com\/wp-content\/uploads\/2024\/12\/alanya-ic-dizayn-incetas-yapi-15-1024x595.png 1024w, https:\/\/incetasyapi.com\/wp-content\/uploads\/2024\/12\/alanya-ic-dizayn-incetas-yapi-15-768x446.png 768w, https:\/\/incetasyapi.com\/wp-content\/uploads\/2024\/12\/alanya-ic-dizayn-incetas-yapi-15-18x10.png 18w\" sizes=\"(max-width: 1240px) 100vw, 1240px\" \/><\/a><\/div><\/figure><figure class=\"gallery-item\"><div class=\"gallery-icon landscape\"><a data-elementor-open-lightbox=\"yes\" data-elementor-lightbox-slideshow=\"1ff8abc\" data-elementor-lightbox-title=\"alanya-ic-dizayn-incetas-yapi-(14)\" data-e-action-hash=\"#elementor-action%3Aaction%3Dlightbox%26settings%3DeyJpZCI6NDc5LCJ1cmwiOiJodHRwczpcL1wvaW5jZXRhc3lhcGkuY29tXC93cC1jb250ZW50XC91cGxvYWRzXC8yMDI0XC8xMlwvYWxhbnlhLWljLWRpemF5bi1pbmNldGFzLXlhcGktMTQucG5nIiwic2xpZGVzaG93IjoiMWZmOGFiYyJ9\" href='https:\/\/incetasyapi.com\/wp-content\/uploads\/2024\/12\/alanya-ic-dizayn-incetas-yapi-14.png'><img loading=\"lazy\" decoding=\"async\" width=\"1240\" height=\"720\" src=\"https:\/\/incetasyapi.com\/wp-content\/uploads\/2024\/12\/alanya-ic-dizayn-incetas-yapi-14.png\" class=\"attachment-full size-full\" alt=\"\" srcset=\"https:\/\/incetasyapi.com\/wp-content\/uploads\/2024\/12\/alanya-ic-dizayn-incetas-yapi-14.png 1240w, https:\/\/incetasyapi.com\/wp-content\/uploads\/2024\/12\/alanya-ic-dizayn-incetas-yapi-14-300x174.png 300w, https:\/\/incetasyapi.com\/wp-content\/uploads\/2024\/12\/alanya-ic-dizayn-incetas-yapi-14-1024x595.png 1024w, https:\/\/incetasyapi.com\/wp-content\/uploads\/2024\/12\/alanya-ic-dizayn-incetas-yapi-14-768x446.png 768w, https:\/\/incetasyapi.com\/wp-content\/uploads\/2024\/12\/alanya-ic-dizayn-incetas-yapi-14-18x10.png 18w\" sizes=\"(max-width: 1240px) 100vw, 1240px\" \/><\/a><\/div><\/figure><figure class=\"gallery-item\"><div class=\"gallery-icon landscape\"><a data-elementor-open-lightbox=\"yes\" data-elementor-lightbox-slideshow=\"1ff8abc\" data-elementor-lightbox-title=\"alanya-ic-dizayn-incetas-yapi-(11)\" data-e-action-hash=\"#elementor-action%3Aaction%3Dlightbox%26settings%3DeyJpZCI6NDc4LCJ1cmwiOiJodHRwczpcL1wvaW5jZXRhc3lhcGkuY29tXC93cC1jb250ZW50XC91cGxvYWRzXC8yMDI0XC8xMlwvYWxhbnlhLWljLWRpemF5bi1pbmNldGFzLXlhcGktMTEucG5nIiwic2xpZGVzaG93IjoiMWZmOGFiYyJ9\" href='https:\/\/incetasyapi.com\/wp-content\/uploads\/2024\/12\/alanya-ic-dizayn-incetas-yapi-11.png'><img loading=\"lazy\" decoding=\"async\" width=\"1240\" height=\"720\" src=\"https:\/\/incetasyapi.com\/wp-content\/uploads\/2024\/12\/alanya-ic-dizayn-incetas-yapi-11.png\" class=\"attachment-full size-full\" alt=\"\" srcset=\"https:\/\/incetasyapi.com\/wp-content\/uploads\/2024\/12\/alanya-ic-dizayn-incetas-yapi-11.png 1240w, https:\/\/incetasyapi.com\/wp-content\/uploads\/2024\/12\/alanya-ic-dizayn-incetas-yapi-11-300x174.png 300w, https:\/\/incetasyapi.com\/wp-content\/uploads\/2024\/12\/alanya-ic-dizayn-incetas-yapi-11-1024x595.png 1024w, https:\/\/incetasyapi.com\/wp-content\/uploads\/2024\/12\/alanya-ic-dizayn-incetas-yapi-11-768x446.png 768w, https:\/\/incetasyapi.com\/wp-content\/uploads\/2024\/12\/alanya-ic-dizayn-incetas-yapi-11-18x10.png 18w\" sizes=\"(max-width: 1240px) 100vw, 1240px\" \/><\/a><\/div><\/figure><figure class=\"gallery-item\"><div class=\"gallery-icon landscape\"><a data-elementor-open-lightbox=\"yes\" data-elementor-lightbox-slideshow=\"1ff8abc\" data-elementor-lightbox-title=\"alanya-ic-dizayn-incetas-yapi-(4)\" data-e-action-hash=\"#elementor-action%3Aaction%3Dlightbox%26settings%3DeyJpZCI6NDc3LCJ1cmwiOiJodHRwczpcL1wvaW5jZXRhc3lhcGkuY29tXC93cC1jb250ZW50XC91cGxvYWRzXC8yMDI0XC8xMlwvYWxhbnlhLWljLWRpemF5bi1pbmNldGFzLXlhcGktNC5wbmciLCJzbGlkZXNob3ciOiIxZmY4YWJjIn0%3D\" href='https:\/\/incetasyapi.com\/wp-content\/uploads\/2024\/12\/alanya-ic-dizayn-incetas-yapi-4.png'><img loading=\"lazy\" decoding=\"async\" width=\"1240\" height=\"720\" src=\"https:\/\/incetasyapi.com\/wp-content\/uploads\/2024\/12\/alanya-ic-dizayn-incetas-yapi-4.png\" class=\"attachment-full size-full\" alt=\"\" srcset=\"https:\/\/incetasyapi.com\/wp-content\/uploads\/2024\/12\/alanya-ic-dizayn-incetas-yapi-4.png 1240w, https:\/\/incetasyapi.com\/wp-content\/uploads\/2024\/12\/alanya-ic-dizayn-incetas-yapi-4-300x174.png 300w, https:\/\/incetasyapi.com\/wp-content\/uploads\/2024\/12\/alanya-ic-dizayn-incetas-yapi-4-1024x595.png 1024w, https:\/\/incetasyapi.com\/wp-content\/uploads\/2024\/12\/alanya-ic-dizayn-incetas-yapi-4-768x446.png 768w, https:\/\/incetasyapi.com\/wp-content\/uploads\/2024\/12\/alanya-ic-dizayn-incetas-yapi-4-18x10.png 18w\" sizes=\"(max-width: 1240px) 100vw, 1240px\" \/><\/a><\/div><\/figure><figure class=\"gallery-item\"><div class=\"gallery-icon landscape\"><a data-elementor-open-lightbox=\"yes\" data-elementor-lightbox-slideshow=\"1ff8abc\" data-elementor-lightbox-title=\"alanya-ic-dizayn-incetas-yapi-(3)\" data-e-action-hash=\"#elementor-action%3Aaction%3Dlightbox%26settings%3DeyJpZCI6NDc2LCJ1cmwiOiJodHRwczpcL1wvaW5jZXRhc3lhcGkuY29tXC93cC1jb250ZW50XC91cGxvYWRzXC8yMDI0XC8xMlwvYWxhbnlhLWljLWRpemF5bi1pbmNldGFzLXlhcGktMy5wbmciLCJzbGlkZXNob3ciOiIxZmY4YWJjIn0%3D\" href='https:\/\/incetasyapi.com\/wp-content\/uploads\/2024\/12\/alanya-ic-dizayn-incetas-yapi-3.png'><img loading=\"lazy\" decoding=\"async\" width=\"1240\" height=\"720\" src=\"https:\/\/incetasyapi.com\/wp-content\/uploads\/2024\/12\/alanya-ic-dizayn-incetas-yapi-3.png\" class=\"attachment-full size-full\" alt=\"\" srcset=\"https:\/\/incetasyapi.com\/wp-content\/uploads\/2024\/12\/alanya-ic-dizayn-incetas-yapi-3.png 1240w, https:\/\/incetasyapi.com\/wp-content\/uploads\/2024\/12\/alanya-ic-dizayn-incetas-yapi-3-300x174.png 300w, https:\/\/incetasyapi.com\/wp-content\/uploads\/2024\/12\/alanya-ic-dizayn-incetas-yapi-3-1024x595.png 1024w, https:\/\/incetasyapi.com\/wp-content\/uploads\/2024\/12\/alanya-ic-dizayn-incetas-yapi-3-768x446.png 768w, https:\/\/incetasyapi.com\/wp-content\/uploads\/2024\/12\/alanya-ic-dizayn-incetas-yapi-3-18x10.png 18w\" sizes=\"(max-width: 1240px) 100vw, 1240px\" \/><\/a><\/div><\/figure><figure class=\"gallery-item\"><div class=\"gallery-icon landscape\"><a data-elementor-open-lightbox=\"yes\" data-elementor-lightbox-slideshow=\"1ff8abc\" data-elementor-lightbox-title=\"alanya-ic-dizayn-incetas-yapi-(1)\" data-e-action-hash=\"#elementor-action%3Aaction%3Dlightbox%26settings%3DeyJpZCI6NDc1LCJ1cmwiOiJodHRwczpcL1wvaW5jZXRhc3lhcGkuY29tXC93cC1jb250ZW50XC91cGxvYWRzXC8yMDI0XC8xMlwvYWxhbnlhLWljLWRpemF5bi1pbmNldGFzLXlhcGktMS5wbmciLCJzbGlkZXNob3ciOiIxZmY4YWJjIn0%3D\" href='https:\/\/incetasyapi.com\/wp-content\/uploads\/2024\/12\/alanya-ic-dizayn-incetas-yapi-1.png'><img loading=\"lazy\" decoding=\"async\" width=\"1240\" height=\"720\" src=\"https:\/\/incetasyapi.com\/wp-content\/uploads\/2024\/12\/alanya-ic-dizayn-incetas-yapi-1.png\" class=\"attachment-full size-full\" alt=\"\" srcset=\"https:\/\/incetasyapi.com\/wp-content\/uploads\/2024\/12\/alanya-ic-dizayn-incetas-yapi-1.png 1240w, https:\/\/incetasyapi.com\/wp-content\/uploads\/2024\/12\/alanya-ic-dizayn-incetas-yapi-1-300x174.png 300w, https:\/\/incetasyapi.com\/wp-content\/uploads\/2024\/12\/alanya-ic-dizayn-incetas-yapi-1-1024x595.png 1024w, https:\/\/incetasyapi.com\/wp-content\/uploads\/2024\/12\/alanya-ic-dizayn-incetas-yapi-1-768x446.png 768w, https:\/\/incetasyapi.com\/wp-content\/uploads\/2024\/12\/alanya-ic-dizayn-incetas-yapi-1-18x10.png 18w\" sizes=\"(max-width: 1240px) 100vw, 1240px\" \/><\/a><\/div><\/figure><\/div>\t\t<\/div>\n\t\t\t\t<\/div>\n\t\t\t\t<\/div>\n\t\t\t\t\t<\/div>\n\t\t<\/div>\n\t\t\t\t<div class=\"elementor-column elementor-col-50 elementor-top-column elementor-element elementor-element-19669f1\" data-id=\"19669f1\" data-element_type=\"column\">\n\t\t\t<div class=\"elementor-widget-wrap elementor-element-populated\">\n\t\t\t\t\t\t<div class=\"elementor-element elementor-element-75b7e6e elementor-widget elementor-widget-heading\" data-id=\"75b7e6e\" data-element_type=\"widget\" data-widget_type=\"heading.default\">\n\t\t\t\t<div class=\"elementor-widget-container\">\n\t\t\t<h2 class=\"elementor-heading-title elementor-size-default\">\u041a\u0412\u0410\u0420\u0422\u0418\u0420\u0410<\/h2>\t\t<\/div>\n\t\t\t\t<\/div>\n\t\t\t\t<div class=\"elementor-element elementor-element-e55d191 elementor-widget elementor-widget-text-editor\" data-id=\"e55d191\" data-element_type=\"widget\" data-widget_type=\"text-editor.default\">\n\t\t\t\t<div class=\"elementor-widget-container\">\n\t\t\t\t\t\t\t<p>\u0418\u043d\u0444\u043e\u0440\u043c\u0430\u0446\u0438\u044f \u043e \u043f\u0440\u043e\u0435\u043a\u0442\u0435:\u00a0<\/p>\t\t\t\t\t\t<\/div>\n\t\t\t\t<\/div>\n\t\t\t\t\t<\/div>\n\t\t<\/div>\n\t\t\t\t\t<\/div>\n\t\t<\/section>\n\t\t\t\t<\/div>","protected":false},"excerpt":{"rendered":"<p>DA\u0130RE DA\u0130RE Proje Bilgileri :\u00a0<\/p>","protected":false},"author":1,"featured_media":0,"parent":0,"menu_order":0,"comment_status":"closed","ping_status":"closed","template":"elementor_header_footer","meta":{"_acf_changed":false,"footnotes":""},"class_list":["post-643","page","type-page","status-publish","hentry"],"acf":[],"yoast_head":"<!-- This site is optimized with the Yoast SEO plugin v24.0 - https:\/\/yoast.com\/wordpress\/plugins\/seo\/ -->\n<title>DA\u0130RE - \u0130nce Ta\u015f Yap\u0131<\/title>\n<meta name=\"robots\" content=\"index, follow, max-snippet:-1, max-image-preview:large, max-video-preview:-1\" \/>\n<link rel=\"canonical\" href=\"https:\/\/incetasyapi.com\/ru\/daire\/\" \/>\n<meta property=\"og:locale\" content=\"ru_RU\" \/>\n<meta property=\"og:type\" content=\"article\" \/>\n<meta property=\"og:title\" content=\"DA\u0130RE - \u0130nce Ta\u015f Yap\u0131\" \/>\n<meta property=\"og:description\" content=\"DA\u0130RE DA\u0130RE Proje Bilgileri :\u00a0\" \/>\n<meta property=\"og:url\" content=\"https:\/\/incetasyapi.com\/ru\/daire\/\" \/>\n<meta property=\"og:site_name\" content=\"\u0130nce Ta\u015f Yap\u0131\" \/>\n<meta property=\"article:modified_time\" content=\"2024-12-06T22:30:42+00:00\" \/>\n<meta property=\"og:image\" content=\"https:\/\/incetasyapi.com\/wp-content\/uploads\/2024\/12\/alanya-ic-dizayn-incetas-yapi-17.png\" \/>\n<meta name=\"twitter:card\" content=\"summary_large_image\" \/>\n<meta name=\"twitter:label1\" content=\"\u041f\u0440\u0438\u043c\u0435\u0440\u043d\u043e\u0435 \u0432\u0440\u0435\u043c\u044f \u0434\u043b\u044f \u0447\u0442\u0435\u043d\u0438\u044f\" \/>\n\t<meta name=\"twitter:data1\" content=\"2 \u043c\u0438\u043d\u0443\u0442\u044b\" \/>\n<script type=\"application\/ld+json\" class=\"yoast-schema-graph\">{\"@context\":\"https:\/\/schema.org\",\"@graph\":[{\"@type\":\"WebPage\",\"@id\":\"https:\/\/incetasyapi.com\/daire\/\",\"url\":\"https:\/\/incetasyapi.com\/daire\/\",\"name\":\"DA\u0130RE - \u0130nce Ta\u015f Yap\u0131\",\"isPartOf\":{\"@id\":\"https:\/\/incetasyapi.com\/#website\"},\"primaryImageOfPage\":{\"@id\":\"https:\/\/incetasyapi.com\/daire\/#primaryimage\"},\"image\":{\"@id\":\"https:\/\/incetasyapi.com\/daire\/#primaryimage\"},\"thumbnailUrl\":\"https:\/\/incetasyapi.com\/wp-content\/uploads\/2024\/12\/alanya-ic-dizayn-incetas-yapi-17.png\",\"datePublished\":\"2024-12-06T22:26:56+00:00\",\"dateModified\":\"2024-12-06T22:30:42+00:00\",\"breadcrumb\":{\"@id\":\"https:\/\/incetasyapi.com\/daire\/#breadcrumb\"},\"inLanguage\":\"ru-RU\",\"potentialAction\":[{\"@type\":\"ReadAction\",\"target\":[\"https:\/\/incetasyapi.com\/daire\/\"]}]},{\"@type\":\"ImageObject\",\"inLanguage\":\"ru-RU\",\"@id\":\"https:\/\/incetasyapi.com\/daire\/#primaryimage\",\"url\":\"https:\/\/incetasyapi.com\/wp-content\/uploads\/2024\/12\/alanya-ic-dizayn-incetas-yapi-17.png\",\"contentUrl\":\"https:\/\/incetasyapi.com\/wp-content\/uploads\/2024\/12\/alanya-ic-dizayn-incetas-yapi-17.png\"},{\"@type\":\"BreadcrumbList\",\"@id\":\"https:\/\/incetasyapi.com\/daire\/#breadcrumb\",\"itemListElement\":[{\"@type\":\"ListItem\",\"position\":1,\"name\":\"Anasayfa\",\"item\":\"https:\/\/incetasyapi.com\/\"},{\"@type\":\"ListItem\",\"position\":2,\"name\":\"DA\u0130RE\"}]},{\"@type\":\"WebSite\",\"@id\":\"https:\/\/incetasyapi.com\/#website\",\"url\":\"https:\/\/incetasyapi.com\/\",\"name\":\"\u0130nce Ta\u015f Yap\u0131\",\"description\":\"\u0130nce Ta\u015f Yap\u0131\",\"potentialAction\":[{\"@type\":\"SearchAction\",\"target\":{\"@type\":\"EntryPoint\",\"urlTemplate\":\"https:\/\/incetasyapi.com\/?s={search_term_string}\"},\"query-input\":{\"@type\":\"PropertyValueSpecification\",\"valueRequired\":true,\"valueName\":\"search_term_string\"}}],\"inLanguage\":\"ru-RU\"}]}<\/script>\n<!-- \/ Yoast SEO plugin. -->","yoast_head_json":{"title":"DA\u0130RE - \u0130nce Ta\u015f Yap\u0131","robots":{"index":"index","follow":"follow","max-snippet":"max-snippet:-1","max-image-preview":"max-image-preview:large","max-video-preview":"max-video-preview:-1"},"canonical":"https:\/\/incetasyapi.com\/ru\/daire\/","og_locale":"ru_RU","og_type":"article","og_title":"DA\u0130RE - \u0130nce Ta\u015f Yap\u0131","og_description":"DA\u0130RE DA\u0130RE Proje Bilgileri :\u00a0","og_url":"https:\/\/incetasyapi.com\/ru\/daire\/","og_site_name":"\u0130nce Ta\u015f Yap\u0131","article_modified_time":"2024-12-06T22:30:42+00:00","og_image":[{"url":"https:\/\/incetasyapi.com\/wp-content\/uploads\/2024\/12\/alanya-ic-dizayn-incetas-yapi-17.png","type":"","width":"","height":""}],"twitter_card":"summary_large_image","twitter_misc":{"\u041f\u0440\u0438\u043c\u0435\u0440\u043d\u043e\u0435 \u0432\u0440\u0435\u043c\u044f \u0434\u043b\u044f \u0447\u0442\u0435\u043d\u0438\u044f":"2 \u043c\u0438\u043d\u0443\u0442\u044b"},"schema":{"@context":"https:\/\/schema.org","@graph":[{"@type":"WebPage","@id":"https:\/\/incetasyapi.com\/daire\/","url":"https:\/\/incetasyapi.com\/daire\/","name":"DA\u0130RE - \u0130nce Ta\u015f Yap\u0131","isPartOf":{"@id":"https:\/\/incetasyapi.com\/#website"},"primaryImageOfPage":{"@id":"https:\/\/incetasyapi.com\/daire\/#primaryimage"},"image":{"@id":"https:\/\/incetasyapi.com\/daire\/#primaryimage"},"thumbnailUrl":"https:\/\/incetasyapi.com\/wp-content\/uploads\/2024\/12\/alanya-ic-dizayn-incetas-yapi-17.png","datePublished":"2024-12-06T22:26:56+00:00","dateModified":"2024-12-06T22:30:42+00:00","breadcrumb":{"@id":"https:\/\/incetasyapi.com\/daire\/#breadcrumb"},"inLanguage":"ru-RU","potentialAction":[{"@type":"ReadAction","target":["https:\/\/incetasyapi.com\/daire\/"]}]},{"@type":"ImageObject","inLanguage":"ru-RU","@id":"https:\/\/incetasyapi.com\/daire\/#primaryimage","url":"https:\/\/incetasyapi.com\/wp-content\/uploads\/2024\/12\/alanya-ic-dizayn-incetas-yapi-17.png","contentUrl":"https:\/\/incetasyapi.com\/wp-content\/uploads\/2024\/12\/alanya-ic-dizayn-incetas-yapi-17.png"},{"@type":"BreadcrumbList","@id":"https:\/\/incetasyapi.com\/daire\/#breadcrumb","itemListElement":[{"@type":"ListItem","position":1,"name":"Anasayfa","item":"https:\/\/incetasyapi.com\/"},{"@type":"ListItem","position":2,"name":"DA\u0130RE"}]},{"@type":"WebSite","@id":"https:\/\/incetasyapi.com\/#website","url":"https:\/\/incetasyapi.com\/","name":"\u0130nce Ta\u015f Yap\u0131","description":"\u0130nce Ta\u015f Yap\u0131","potentialAction":[{"@type":"SearchAction","target":{"@type":"EntryPoint","urlTemplate":"https:\/\/incetasyapi.com\/?s={search_term_string}"},"query-input":{"@type":"PropertyValueSpecification","valueRequired":true,"valueName":"search_term_string"}}],"inLanguage":"ru-RU"}]}},"_links":{"self":[{"href":"https:\/\/incetasyapi.com\/ru\/wp-json\/wp\/v2\/pages\/643","targetHints":{"allow":["GET"]}}],"collection":[{"href":"https:\/\/incetasyapi.com\/ru\/wp-json\/wp\/v2\/pages"}],"about":[{"href":"https:\/\/incetasyapi.com\/ru\/wp-json\/wp\/v2\/types\/page"}],"author":[{"embeddable":true,"href":"https:\/\/incetasyapi.com\/ru\/wp-json\/wp\/v2\/users\/1"}],"replies":[{"embeddable":true,"href":"https:\/\/incetasyapi.com\/ru\/wp-json\/wp\/v2\/comments?post=643"}],"version-history":[{"count":7,"href":"https:\/\/incetasyapi.com\/ru\/wp-json\/wp\/v2\/pages\/643\/revisions"}],"predecessor-version":[{"id":672,"href":"https:\/\/incetasyapi.com\/ru\/wp-json\/wp\/v2\/pages\/643\/revisions\/672"}],"wp:attachment":[{"href":"https:\/\/incetasyapi.com\/ru\/wp-json\/wp\/v2\/media?parent=643"}],"curies":[{"name":"wp","href":"https:\/\/api.w.org\/{rel}","templated":true}]}}